{"id":66,"date":"2014-09-10T08:56:25","date_gmt":"2014-09-10T08:56:25","guid":{"rendered":"http:\/\/designdemello.wordpress.com\/?page_id=66"},"modified":"2017-08-28T14:29:12","modified_gmt":"2017-08-28T14:29:12","slug":"kritik-2","status":"publish","type":"page","link":"https:\/\/galerie.giselabartels.de\/?page_id=66","title":{"rendered":"Kritik"},"content":{"rendered":"<ul>\n<li><a title=\"Kritik von J\u00fcrgen Weichardt\" href=\"http:\/\/galerie.giselabartels.de\/?page_id=300 \">Von J\u00fcrgen Weichardt<\/a><\/li>\n<li><a title=\"Weichardt 2\" href=\"http:\/\/galerie.giselabartels.de\/wp-content\/uploads\/2017\/08\/Weichardt-4.-gro\u00dfen-Bilder.pdf\" target=\"_blank\">Von J\u00fcrgen Weichardt<\/a><\/li>\n<li><a href=\"http:\/\/galerie.giselabartels.de\/?page_id=47 \">Von Dr. G\u00e4\u00dfler<\/a><\/li>\n<li><a title=\"Von Frau Professor Dr. Rita S\u00fcssmuth\" href=\"http:\/\/galerie.giselabartels.de\/?page_id=340\">Von Dr. S\u00fcssmuth<\/a><\/li>\n<li><a href=\"http:\/\/galerie.giselabartels.de\/wp-content\/uploads\/2014\/09\/von-christoph-tannert.pdf\">Von Christoph Tannert<\/a><\/li>\n<\/ul>\n<p>&nbsp;<\/p>\n","protected":false},"excerpt":{"rendered":"<p>Von J\u00fcrgen Weichardt Von J\u00fcrgen Weichardt Von Dr. G\u00e4\u00dfler Von Dr. S\u00fcssmuth Von Christoph Tannert &nbsp;<\/p>\n","protected":false},"author":2,"featured_media":0,"parent":0,"menu_order":0,"comment_status":"open","ping_status":"open","template":"","meta":{"ngg_post_thumbnail":0,"footnotes":""},"class_list":["post-66","page","type-page","status-publish","hentry"],"_links":{"self":[{"href":"https:\/\/galerie.giselabartels.de\/index.php?rest_route=\/wp\/v2\/pages\/66","targetHints":{"allow":["GET"]}}],"collection":[{"href":"https:\/\/galerie.giselabartels.de\/index.php?rest_route=\/wp\/v2\/pages"}],"about":[{"href":"https:\/\/galerie.giselabartels.de\/index.php?rest_route=\/wp\/v2\/types\/page"}],"author":[{"embeddable":true,"href":"https:\/\/galerie.giselabartels.de\/index.php?rest_route=\/wp\/v2\/users\/2"}],"replies":[{"embeddable":true,"href":"https:\/\/galerie.giselabartels.de\/index.php?rest_route=%2Fwp%2Fv2%2Fcomments&post=66"}],"version-history":[{"count":6,"href":"https:\/\/galerie.giselabartels.de\/index.php?rest_route=\/wp\/v2\/pages\/66\/revisions"}],"predecessor-version":[{"id":458,"href":"https:\/\/galerie.giselabartels.de\/index.php?rest_route=\/wp\/v2\/pages\/66\/revisions\/458"}],"wp:attachment":[{"href":"https:\/\/galerie.giselabartels.de\/index.php?rest_route=%2Fwp%2Fv2%2Fmedia&parent=66"}],"curies":[{"name":"wp","href":"https:\/\/api.w.org\/{rel}","templated":true}]}}