{"id":56,"date":"2014-09-10T08:54:25","date_gmt":"2014-09-10T08:54:25","guid":{"rendered":"http:\/\/designdemello.wordpress.com\/?page_id=56"},"modified":"2014-10-09T08:34:15","modified_gmt":"2014-10-09T08:34:15","slug":"ausstellung","status":"publish","type":"page","link":"https:\/\/galerie.giselabartels.de\/?page_id=56","title":{"rendered":"Ausstellungen"},"content":{"rendered":"<p>EINZELAUSSTELLUNGEN<\/p>\n<p>1971 Galerie Oster1or, Bremen<\/p>\n<p>1971 Kleine Galerie B&amp;G, Oldenburg<\/p>\n<p>1971 NORWO 71, Galerie im Amtsgericht Nordenham 1972 Galerie Art Formation, Wilhelmshaven 1972 Kunsthalle Bremen<\/p>\n<p>1972 NORWO 72, Galerie im Amtsgericht Nordenham 1973 Galerie Glaub IV, K\u00f6ln<\/p>\n<p>1973 Galerie Fr\u00fcchtning, Oldenburg<\/p>\n<p>1973 Atelier-Galerie Zimmermann, Mannheim<\/p>\n<p>1973 NORWO 73, Galerie im Amtsgericht Nordenham 1973 Studio M, Bamberg<\/p>\n<p>1973 Kunststudio im Kurhotel, Bad Pyrmont 1973 Galerie Demenga, CH-Basel-Riehen<\/p>\n<p>1974 Galerie im Oberlandesgericht Braunschweig 1974 ABC-Galerie, Braunschweig<\/p>\n<p>1974 GalerieSchwer1l, F\u00fcrth-N\u00fcrnberg 1974 Galerie H\u00fcning, M\u00fcnster<\/p>\n<p>1974 M\u00fchlen-Galerie, G\u00fctersloh<\/p>\n<p>1974 Galerie des Artes, D\u00fcsseldorf 1974 Rathaus Stadt Uslar<\/p>\n<p>1974 Galerie Starczewski, H\u00f6hr\/Grenzhausen<\/p>\n<p>1975 NORWO 75, Galerie im Amtsgericht Nordenham 1975 Galerie Pointer, Salzburg 1975 Galerie Kemenate, Goslar<\/p>\n<p>1975 Galerie Kemenate, Hildesheim<\/p>\n<p>1975 JAC, Modern Art Gallery, Z\u00fcrich<\/p>\n<p>1975 Galerie im &gt;Go in&lt;, Clausthal-Zellerfeld 1976 Kulturamt der Stadt Hilden\/D\u00fcsseldorf 1976 Galerie &gt;Meistergasse&lt; , Fulda 1976 Galerie im &gt;Go in&lt;, Hannover 1976 NWZ, Oldenburg<\/p>\n<p>1977 Galerie Gutzeit, G\u00f6ttingen<br \/>\n1977 Galerie im Amtsgericht, Frankfurt\/Bad Vilbel 1977 Galerie K Herford<\/p>\n<p>1977 Galerie K Osnabr\u00fcck 1977 Galerie K Bielefeld<\/p>\n<p>1977 Galerie K Braunschweig<\/p>\n<p>1977 Galerie de la Manche Libre, St. La, Frankreich 1977 Galerie de Vallombreuse, Biarritz, Frankreich 1978 Kurhaus Bad Salzdethfur1 1980 K\u00fcnstlerhaus Oldenburg<\/p>\n<p>1983 K\u00fcnstlerhaus Limburg\/Lahn<\/p>\n<p>1984 alB Gottorpstra\u00dfe, Oldenburg 1984 Kunstverein Nordenham e. V.<\/p>\n<p>1985 GalerieSvensson, Eckernf\u00f6rde . 1985 Galerie arte factum, N\u00fcrnberg<\/p>\n<p>1986 Galerie ,in der Winterstra\u00dfe 1 &lt;, N\u00fcrnberg 1986 Galerie Schneider, Timmendorfer Strand<\/p>\n<p>1987 WFA-Exchanges.a.r.e. Art Gallery, Luxembourg 1992 BBK-Galerie Oldenburg<\/p>\n<p>1992 Kunstverein Nordenham &gt;20 Jahre Kunstverein Nordenham<\/p>\n<p>1994 Amtsgericht Nordenham (mit Heinsch), Einweihung und Renovierung 1995 Deutsche Parlamentarische Gesellschaft, Bonn 1995 &gt;Das gro\u00dfe Format&lt;, Amtsgericht Nordenham ab 1995 Dauerausstellung im Amtsgericht Nordenham<\/p>\n<p>ab1997 Dauerausstellung in Praxis-Galerie Dr. Mader, Nordenham 1998 Galerie im Auktionshaus BIo55, Freiburg im Breisgau 1998 Galerie in der Kunsthandlung, Freiburg im Breisgau 1998 Galerie-Cafe lederer, Freiburg im Breisgau<\/p>\n<p>ab 1998 Dauerausstellung B\u00fcro-Galerie Krippner, Nordenham Autohaus Heimbucher, Nordenham<\/p>\n<p>Bilder in \u00f6ffentlichen und privaten Sammlungen<\/p>\n<p>(mehrere davon im Landesmuseum Oldenburg) und in der Kunstsammlung des Bundestages<\/p>\n<p>1995 Amtsgericht Nordenham, &#8222;Das gro\u00dfe Format&#8220;<\/p>\n<p>ab 1995 Dauerausstellung im Amtsgericht Nordenham<\/p>\n<p>ab 1997 Dauerausstellung in der Praxis von Dr. Mader, Nordenham<\/p>\n<p>1997 im Hotel St George`s Beach, Country Club auf Korfu, Acharavi, Griechenland<\/p>\n<p>1998 Galerie im Auktionshaus Bloss, Freiburg in Breisgau<\/p>\n<p>1998 Galerie in der Kunsthandlung Str\u00e4tz, Freiburg in Breisgau<\/p>\n<p>1998 Galerie, Caf\u00e9-Loderer, Freiburg in Breisgau<\/p>\n<p>ab 1998 Dauerausstellung in den Praxisr\u00e4umen von Rechtsanwalt Krippner, Nordenham<\/p>\n<p>1999 im Hotel St. George`s Beach ,Country Club, auf Korfu, Acharavi, Griechenland<\/p>\n<p>2000 Amtsgericht Nordenham<\/p>\n<p>2000 Hatten bei Oldenburg, Rathaus<\/p>\n<p>2001 Einzelausstellung in der Galerie am Markt in Nordenham<\/p>\n<p>2003 im Hotel St. George`s Beach, Country Club auf Korfu, Acharavi, Griechenland<\/p>\n<p>2003 Kunst im Kuhstall, &#8211; Cultura 2000-, 36320, Kirtorf, Ober-Gleen, Kirchgasse 3<\/p>\n<p>1997 im Hotel St George`s Beach, Country Club auf Korfu, Acharavi, Griechenland<\/p>\n<p>1999 im Hotel St. George`s Beach ,Country Club, auf Korfu, Acharavi, Griechenland<\/p>\n<p>2000, Amtsgericht Nordenham<\/p>\n<p>2000, Hatten bei Oldenburg, Rathaus<\/p>\n<p>2001, Einzelausstellung in der Galerie am Markt in Nordenham<\/p>\n<p>2003, im Hotel St. George`s Beach, Country Club auf Korfu, Acharavi, Griechenland<\/p>\n<p>2003. Kunst im Kuhstall, &#8211; Cultura 2000-, 36320, Kirtorf, Ober-Gleen, Kirchgasse 3<\/p>\n<p>2003 bis 2005 Galerie am Markt in Nordenham<\/p>\n<p>2005 Oldenburgische Landschaft, Elisabeth-Anna-Palais, Oldenburg.<\/p>\n<p>2005 Zweigstelle Berlin der Kunst-und-Recht-Stiftung, Cunostr. 59a<\/p>\n<p>2006 MLP<br \/>\nFinanzdienstleistung AG, Berlin, Panoramastr. 1<\/p>\n<p>2007 Galerie im Moor, \u00a0Osterholz-Scharmbeck<\/p>\n<p>Weitere Dauerausstellungen: seit 2000<\/p>\n<p>Kreisvolkshochschule Wesermarsch, Nordenham, Bahnhofstr. 32<\/p>\n<p>Arbeitsamt Nordenham, Nordenham, Markt 12 C<\/p>\n<p>Galerie am Markt in Nordenham<\/p>\n<p>Kreisvolkshochschule Wesermarsch, Nordenham, Bahnhofstr. 32<\/p>\n<p>Deutsche Angestellten Akademie, Nordenham, Marktplatz 8<\/p>\n<p>Rechtsanwaltspraxis Raoul Krippner, Nordenham, Jahnstra\u00dfe 7<\/p>\n<p>Frauenarztpraxis Dr. Gottfried Mader, Nordenham, Am Markt 8<\/p>\n<p>seit 2006<br \/>\nStaatsanwaltschaft Aurich, Schlossplatz 10<\/p>\n<p>Amtsgericht Salzgitter-Lebenstedt, Joachim-Campestr. 15<\/p>\n<p>Wesermarsch Klinik GmbH, Nordenham, Albert-Schweitzer-Str. 43<\/p>\n<p>Museum Nordenham, \u00a0Schulstra\u00dfe<\/p>\n<p>GRUPPENAUSSTELLUNGEN<\/p>\n<p>1971 Er\u00f6ffnung des Schulzentrums Hannover-Barsinghausen 1971 MuseumVarel<\/p>\n<p>1971 Kunstverein Vechta 1971 Rathaus Bremen<\/p>\n<p>1971 Kunstverein Oldenburg<\/p>\n<p>1972 Haarenstra\u00dfe, Oldenburg 1972 Rathaus Bremen<\/p>\n<p>1972 K\u00f6lner Kunst-Kaleidoskop, K\u00f6ln<\/p>\n<p>1972 NORWO 72, Friedrich-Ebert-Stra\u00dfe und Rathaus Nordenham<\/p>\n<p>1972 1. Kunstmarkt im Bonn-Center, Bonn<\/p>\n<p>1972 IKl lnternationaler Markt f\u00fcr aktuelle Kunst, D\u00fcsseldorf i; 1972 Kunstverein Nordenham<\/p>\n<p>1972 VII. Nordischer Kunstmarkt, Schlo\u00df Hagen, Probsteierhagen\/Kiel 1973 4. Kunstmarkt G\u00f6ttingen<\/p>\n<p>1973 Orangerie, Hannover-Herrenhausen 1973 Rathaus Bremen<\/p>\n<p>1973 Kunstverein Oldenburg<\/p>\n<p>1973 NORWO 73, Kunstverein Nordenham<\/p>\n<p>1973 IKl lnternationaler Markt f\u00fcr aktuelle Kunst, D\u00fcsseldorf 1973 M\u00fchlen-Galerie, G\u00fctersloh<\/p>\n<p>1973 Commerzbank, Inter-K\u00fcnsch, Kamen 1973 Kunststudio im Kurhotel Bad Pyrmont 1973 Galerie Demenga, CH-Basel-Riehen 1974 5. Kunstmarkt G\u00f6ttingen<\/p>\n<p>1974 IKl lnternationaler Markt f\u00fcr aktuelle Kunst, D\u00fcsseldorf 1974 6. Internationale Kunstmesse, Berlin 1974 Art 5\/74, Basel<\/p>\n<p>1974 Rathaus Bremen<\/p>\n<p>1974 M\u00fchlengalerie, G\u00fctersloh 1974 Galerie Kemenate, Goslar<\/p>\n<p>1974 Galerie M\u00f6hring, Wiesbaden 1974 BBKOldenburg<\/p>\n<p>1974 Landesmuseum Oldenburg<\/p>\n<p>1975 -Ring 68, Ev. Gemeindezentrum, K\u00f6ln-Heimersdorf 1975 2te FIAC, Paris, Internationale Kunstmesse 1975 Art 6\/75, Basel<\/p>\n<p>1975 6. G\u00f6ttinger Kunstmarkt<\/p>\n<p>1975 Kunsthalle Wilhelmshaven 1975 Kunstmarkt K\u00f6ln<\/p>\n<p>1975 K\u00fcnstlerhof Starczewski, H\u00f6hr-Grenzhausen 1975 Kunstverein Saarbr\u00fccken<\/p>\n<p>1975 Er\u00f6ffnung des Schulzentrums Brake 1976 -Ring 68&#8243; K\u00f6ln-Heimersdorf<\/p>\n<p>1976 Galerie K, Herford, Braunschweig, Osnabr\u00fcck, M\u00fcnster 1976 Galerie Teehaus, Borkum<\/p>\n<p>1976 VIII. Palme d&#8217;Ordes Beaux-Arts, Monte Carlo, Monaco 1976 Galerie Starczewski, H\u00f6hr-Grenzhausen 1976 Ausstellungskate Braren-Weinrich, Varel 1976 BBK Emden, BBK Norden, BBK Bonn<\/p>\n<p>1976 Palais de la Scala, I&#8216; Arthoteque, Monte Carlo, Monaco 1976 Kunstverein Kehl-Hanauer Land, Kehl 1976 Atelier Maulbecker, K\u00f6ln<\/p>\n<p>1976 Kunstmarkt BBK, Bremen<\/p>\n<p>1976 IKM, Internationaler Kunstmarkt, D\u00fcsseldorf<\/p>\n<p>1976 Ecole du Thouet, Thouars\/Nantes, Frankreich 1977 Wiener Kunstmesse 1977 Art 8\/77, Basel<\/p>\n<p>1977 IKM, Intern. Kunstmarkt, K\u00f6ln 1977 KunstmarktTelAviv,lsrael<\/p>\n<p>1977 -Ring 68&lt;, K\u00f6ln-Heimersdorf 1977 Kurhaus Bergzabern<\/p>\n<p>1977 Kunstmarkt G\u00f6ttingen<\/p>\n<p>1977 XI. Palme d&#8217;Or des Beaux-Arts, Monte Carlo, Monaco 1977 Messe ,Zwischen Harz und Heide&#8220; Braunschweig 1977 M\u00fchlen-Galerie, G\u00fctersloh 1977 Kunstverein Nordenham<\/p>\n<p>1977 K\u00fcnstlerhof Starczewski, H\u00f6hr-Grenzhausen<\/p>\n<p>1978 ,Ring 68&#8243; K\u00f6ln-Heimersdorf<\/p>\n<p>1978 Kunst- und Antiquit\u00e4tenmarkt Aachen 1982 Kunstverein Coburg<\/p>\n<p>1982 BBK Oldenburg, Stadtmuseum cf&#8216; 1983 Kunstverein Nordenham e. V.<\/p>\n<p>1984 Riedt-Erlen, Euro-Galerie, Schweiz 1984 Kulturhaus, Bozen, Italien<\/p>\n<p>1984 Schlo\u00df Marretsch, Bozen, Italien 1984 25 Jahre Hertie, Oldenbur~ 1986 Galerie Bergmann, Coburg<\/p>\n<p>1989 ,Bildnisse&#8220; Oslo, Deutsch-norwegische Gesellschaft 1990 ,Bildnisse&#8220; Nibelungenhalle, Odenwald 1991 ,Das kleine Format&#8220; BBK Oldenburg<\/p>\n<p>1995 K\u00fcnstler in der Wesermarsch, Teil 11, Kernkraftwerk Esenshamm 1996 ,Herz \u00fcber Kopf&#8220; Galerie am Wehlhamm, Ruhwarden<\/p>\n","protected":false},"excerpt":{"rendered":"<p>EINZELAUSSTELLUNGEN 1971 Galerie Oster1or, Bremen 1971 Kleine Galerie B&amp;G, Oldenburg 1971 NORWO 71, Galerie im Amtsgericht Nordenham 1972 Galerie Art Formation, Wilhelmshaven 1972 Kunsthalle Bremen 1972 NORWO 72, Galerie im Amtsgericht Nordenham 1973 Galerie Glaub IV, K\u00f6ln 1973 Galerie Fr\u00fcchtning, Oldenburg 1973 Atelier-Galerie Zimmermann, Mannheim 1973 NORWO 73, Galerie im Amtsgericht Nordenham 1973 Studio M, [&hellip;]<\/p>\n","protected":false},"author":2,"featured_media":0,"parent":0,"menu_order":0,"comment_status":"open","ping_status":"open","template":"","meta":{"ngg_post_thumbnail":0,"footnotes":""},"class_list":["post-56","page","type-page","status-publish","hentry"],"_links":{"self":[{"href":"https:\/\/galerie.giselabartels.de\/index.php?rest_route=\/wp\/v2\/pages\/56","targetHints":{"allow":["GET"]}}],"collection":[{"href":"https:\/\/galerie.giselabartels.de\/index.php?rest_route=\/wp\/v2\/pages"}],"about":[{"href":"https:\/\/galerie.giselabartels.de\/index.php?rest_route=\/wp\/v2\/types\/page"}],"author":[{"embeddable":true,"href":"https:\/\/galerie.giselabartels.de\/index.php?rest_route=\/wp\/v2\/users\/2"}],"replies":[{"embeddable":true,"href":"https:\/\/galerie.giselabartels.de\/index.php?rest_route=%2Fwp%2Fv2%2Fcomments&post=56"}],"version-history":[{"count":2,"href":"https:\/\/galerie.giselabartels.de\/index.php?rest_route=\/wp\/v2\/pages\/56\/revisions"}],"predecessor-version":[{"id":357,"href":"https:\/\/galerie.giselabartels.de\/index.php?rest_route=\/wp\/v2\/pages\/56\/revisions\/357"}],"wp:attachment":[{"href":"https:\/\/galerie.giselabartels.de\/index.php?rest_route=%2Fwp%2Fv2%2Fmedia&parent=56"}],"curies":[{"name":"wp","href":"https:\/\/api.w.org\/{rel}","templated":true}]}}